{"id":8097,"date":"2018-10-09T09:43:59","date_gmt":"2018-10-09T06:43:59","guid":{"rendered":"https:\/\/blackseaestatesbg.com\/agenci-2-kolumny\/"},"modified":"2018-10-09T11:10:24","modified_gmt":"2018-10-09T08:10:24","slug":"agenci-2-kolumny","status":"publish","type":"page","link":"https:\/\/blackseaestatesbg.com\/pl\/agenci-2-kolumny\/","title":{"rendered":"Agent\u00f3w"},"content":{"rendered":"","protected":false},"excerpt":{"rendered":"","protected":false},"author":1,"featured_media":0,"parent":0,"menu_order":0,"comment_status":"open","ping_status":"open","template":"page-templates\/agents-list-2-columns.php","meta":[],"yoast_head":"<!-- This site is optimized with the Yoast SEO plugin v19.6.1 - https:\/\/yoast.com\/wordpress\/plugins\/seo\/ -->\n<title>Agent\u00f3w - Black Sea Estates<\/title>\n<meta name=\"description\" content=\"Black Sea Estates - \u041f\u0440\u043e\u0434\u0430\u0436\u0431\u0438 \u043d\u0430 \u0438\u043c\u043e\u0442\u0438 \u043f\u043e \u0431\u044a\u043b\u0433\u0430\u0440\u0441\u043a\u043e\u0442\u043e \u0447\u0435\u0440\u043d\u043e\u043c\u043e\u0440\u0438\u0435. \u0410\u043f\u0430\u0440\u0442\u0430\u043c\u0435\u043d\u0442\u043a\u0438 \u043a\u044a\u0449\u0438.\" \/>\n<meta name=\"robots\" content=\"index, follow, max-snippet:-1, max-image-preview:large, max-video-preview:-1\" \/>\n<link rel=\"canonical\" href=\"https:\/\/blackseaestatesbg.com\/pl\/agenci-2-kolumny\/\" \/>\n<meta property=\"og:locale\" content=\"pl_PL\" \/>\n<meta property=\"og:type\" content=\"article\" \/>\n<meta property=\"og:title\" content=\"Agent\u00f3w - Black Sea Estates\" \/>\n<meta property=\"og:description\" content=\"Black Sea Estates - \u041f\u0440\u043e\u0434\u0430\u0436\u0431\u0438 \u043d\u0430 \u0438\u043c\u043e\u0442\u0438 \u043f\u043e \u0431\u044a\u043b\u0433\u0430\u0440\u0441\u043a\u043e\u0442\u043e \u0447\u0435\u0440\u043d\u043e\u043c\u043e\u0440\u0438\u0435. \u0410\u043f\u0430\u0440\u0442\u0430\u043c\u0435\u043d\u0442\u043a\u0438 \u043a\u044a\u0449\u0438.\" \/>\n<meta property=\"og:url\" content=\"https:\/\/blackseaestatesbg.com\/pl\/agenci-2-kolumny\/\" \/>\n<meta property=\"og:site_name\" content=\"Black Sea Estates\" \/>\n<meta property=\"article:publisher\" content=\"https:\/\/www.facebook.com\/Black-Sea-Estates-2115485855190133\" \/>\n<meta property=\"article:modified_time\" content=\"2018-10-09T08:10:24+00:00\" \/>\n<meta name=\"twitter:card\" content=\"summary_large_image\" \/>\n<script type=\"application\/ld+json\" class=\"yoast-schema-graph\">{\"@context\":\"https:\/\/schema.org\",\"@graph\":[{\"@type\":\"WebPage\",\"@id\":\"https:\/\/blackseaestatesbg.com\/pl\/agenci-2-kolumny\/\",\"url\":\"https:\/\/blackseaestatesbg.com\/pl\/agenci-2-kolumny\/\",\"name\":\"Agent\u00f3w - Black Sea Estates\",\"isPartOf\":{\"@id\":\"https:\/\/blackseaestatesbg.com\/pl\/#website\"},\"datePublished\":\"2018-10-09T06:43:59+00:00\",\"dateModified\":\"2018-10-09T08:10:24+00:00\",\"description\":\"Black Sea Estates - \u041f\u0440\u043e\u0434\u0430\u0436\u0431\u0438 \u043d\u0430 \u0438\u043c\u043e\u0442\u0438 \u043f\u043e \u0431\u044a\u043b\u0433\u0430\u0440\u0441\u043a\u043e\u0442\u043e \u0447\u0435\u0440\u043d\u043e\u043c\u043e\u0440\u0438\u0435. \u0410\u043f\u0430\u0440\u0442\u0430\u043c\u0435\u043d\u0442\u043a\u0438 \u043a\u044a\u0449\u0438.\",\"breadcrumb\":{\"@id\":\"https:\/\/blackseaestatesbg.com\/pl\/agenci-2-kolumny\/#breadcrumb\"},\"inLanguage\":\"pl-PL\",\"potentialAction\":[{\"@type\":\"ReadAction\",\"target\":[\"https:\/\/blackseaestatesbg.com\/pl\/agenci-2-kolumny\/\"]}]},{\"@type\":\"BreadcrumbList\",\"@id\":\"https:\/\/blackseaestatesbg.com\/pl\/agenci-2-kolumny\/#breadcrumb\",\"itemListElement\":[{\"@type\":\"ListItem\",\"position\":1,\"name\":\"\u041d\u0430\u0447\u0430\u043b\u043e\",\"item\":\"https:\/\/blackseaestatesbg.com\/pl\/\"},{\"@type\":\"ListItem\",\"position\":2,\"name\":\"Agent\u00f3w\"}]},{\"@type\":\"WebSite\",\"@id\":\"https:\/\/blackseaestatesbg.com\/pl\/#website\",\"url\":\"https:\/\/blackseaestatesbg.com\/pl\/\",\"name\":\"Black Sea Estates\",\"description\":\"Znajd\u017a swoj\u0105 nieruchomo\u015b\u0107 na bu\u0142garskim wybrze\u017cu Morza Czarnego\",\"potentialAction\":[{\"@type\":\"SearchAction\",\"target\":{\"@type\":\"EntryPoint\",\"urlTemplate\":\"https:\/\/blackseaestatesbg.com\/pl\/?s={search_term_string}\"},\"query-input\":\"required name=search_term_string\"}],\"inLanguage\":\"pl-PL\"}]}<\/script>\n<!-- \/ Yoast SEO plugin. -->","yoast_head_json":{"title":"Agent\u00f3w - Black Sea Estates","description":"Black Sea Estates - \u041f\u0440\u043e\u0434\u0430\u0436\u0431\u0438 \u043d\u0430 \u0438\u043c\u043e\u0442\u0438 \u043f\u043e \u0431\u044a\u043b\u0433\u0430\u0440\u0441\u043a\u043e\u0442\u043e \u0447\u0435\u0440\u043d\u043e\u043c\u043e\u0440\u0438\u0435. \u0410\u043f\u0430\u0440\u0442\u0430\u043c\u0435\u043d\u0442\u043a\u0438 \u043a\u044a\u0449\u0438.","robots":{"index":"index","follow":"follow","max-snippet":"max-snippet:-1","max-image-preview":"max-image-preview:large","max-video-preview":"max-video-preview:-1"},"canonical":"https:\/\/blackseaestatesbg.com\/pl\/agenci-2-kolumny\/","og_locale":"pl_PL","og_type":"article","og_title":"Agent\u00f3w - Black Sea Estates","og_description":"Black Sea Estates - \u041f\u0440\u043e\u0434\u0430\u0436\u0431\u0438 \u043d\u0430 \u0438\u043c\u043e\u0442\u0438 \u043f\u043e \u0431\u044a\u043b\u0433\u0430\u0440\u0441\u043a\u043e\u0442\u043e \u0447\u0435\u0440\u043d\u043e\u043c\u043e\u0440\u0438\u0435. \u0410\u043f\u0430\u0440\u0442\u0430\u043c\u0435\u043d\u0442\u043a\u0438 \u043a\u044a\u0449\u0438.","og_url":"https:\/\/blackseaestatesbg.com\/pl\/agenci-2-kolumny\/","og_site_name":"Black Sea Estates","article_publisher":"https:\/\/www.facebook.com\/Black-Sea-Estates-2115485855190133","article_modified_time":"2018-10-09T08:10:24+00:00","twitter_card":"summary_large_image","schema":{"@context":"https:\/\/schema.org","@graph":[{"@type":"WebPage","@id":"https:\/\/blackseaestatesbg.com\/pl\/agenci-2-kolumny\/","url":"https:\/\/blackseaestatesbg.com\/pl\/agenci-2-kolumny\/","name":"Agent\u00f3w - Black Sea Estates","isPartOf":{"@id":"https:\/\/blackseaestatesbg.com\/pl\/#website"},"datePublished":"2018-10-09T06:43:59+00:00","dateModified":"2018-10-09T08:10:24+00:00","description":"Black Sea Estates - \u041f\u0440\u043e\u0434\u0430\u0436\u0431\u0438 \u043d\u0430 \u0438\u043c\u043e\u0442\u0438 \u043f\u043e \u0431\u044a\u043b\u0433\u0430\u0440\u0441\u043a\u043e\u0442\u043e \u0447\u0435\u0440\u043d\u043e\u043c\u043e\u0440\u0438\u0435. \u0410\u043f\u0430\u0440\u0442\u0430\u043c\u0435\u043d\u0442\u043a\u0438 \u043a\u044a\u0449\u0438.","breadcrumb":{"@id":"https:\/\/blackseaestatesbg.com\/pl\/agenci-2-kolumny\/#breadcrumb"},"inLanguage":"pl-PL","potentialAction":[{"@type":"ReadAction","target":["https:\/\/blackseaestatesbg.com\/pl\/agenci-2-kolumny\/"]}]},{"@type":"BreadcrumbList","@id":"https:\/\/blackseaestatesbg.com\/pl\/agenci-2-kolumny\/#breadcrumb","itemListElement":[{"@type":"ListItem","position":1,"name":"\u041d\u0430\u0447\u0430\u043b\u043e","item":"https:\/\/blackseaestatesbg.com\/pl\/"},{"@type":"ListItem","position":2,"name":"Agent\u00f3w"}]},{"@type":"WebSite","@id":"https:\/\/blackseaestatesbg.com\/pl\/#website","url":"https:\/\/blackseaestatesbg.com\/pl\/","name":"Black Sea Estates","description":"Znajd\u017a swoj\u0105 nieruchomo\u015b\u0107 na bu\u0142garskim wybrze\u017cu Morza Czarnego","potentialAction":[{"@type":"SearchAction","target":{"@type":"EntryPoint","urlTemplate":"https:\/\/blackseaestatesbg.com\/pl\/?s={search_term_string}"},"query-input":"required name=search_term_string"}],"inLanguage":"pl-PL"}]}},"_links":{"self":[{"href":"https:\/\/blackseaestatesbg.com\/pl\/wp-json\/wp\/v2\/pages\/8097"}],"collection":[{"href":"https:\/\/blackseaestatesbg.com\/pl\/wp-json\/wp\/v2\/pages"}],"about":[{"href":"https:\/\/blackseaestatesbg.com\/pl\/wp-json\/wp\/v2\/types\/page"}],"author":[{"embeddable":true,"href":"https:\/\/blackseaestatesbg.com\/pl\/wp-json\/wp\/v2\/users\/1"}],"replies":[{"embeddable":true,"href":"https:\/\/blackseaestatesbg.com\/pl\/wp-json\/wp\/v2\/comments?post=8097"}],"version-history":[{"count":1,"href":"https:\/\/blackseaestatesbg.com\/pl\/wp-json\/wp\/v2\/pages\/8097\/revisions"}],"predecessor-version":[{"id":8117,"href":"https:\/\/blackseaestatesbg.com\/pl\/wp-json\/wp\/v2\/pages\/8097\/revisions\/8117"}],"wp:attachment":[{"href":"https:\/\/blackseaestatesbg.com\/pl\/wp-json\/wp\/v2\/media?parent=8097"}],"curies":[{"name":"wp","href":"https:\/\/api.w.org\/{rel}","templated":true}]}}